{"id":1955,"date":"2020-10-08T15:12:43","date_gmt":"2020-10-08T19:12:43","guid":{"rendered":"https:\/\/elapierre.com\/events\/"},"modified":"2022-11-16T09:33:26","modified_gmt":"2022-11-16T14:33:26","slug":"events","status":"publish","type":"page","link":"https:\/\/elapierre.com\/us\/events\/","title":{"rendered":"Events"},"content":{"rendered":"<div class=\"wpb-content-wrapper\"><p>[vc_section css=&#8221;.vc_custom_1586182383487{padding-top: 290px !important;background-image: url(http:\/\/elapierre.com\/wp-content\/uploads\/2020\/03\/topBack.jpg?id=66) !important;background-position: center !important;background-repeat: no-repeat !important;background-size: cover !important;}&#8221;][vc_row][vc_column width=&#8221;1\/2&#8243;][vc_column_text css=&#8221;.vc_custom_1668607424514{margin-bottom: 0px !important;padding-top: 50px !important;padding-right: 50px !important;padding-bottom: 50px !important;padding-left: 50px !important;background-color: rgba(255,255,255,0.6) !important;*background-color: rgb(255,255,255) !important;}&#8221;]<\/p>\n<h1>EVENTS<\/h1>\n<p>[\/vc_column_text][\/vc_column][vc_column width=&#8221;1\/2&#8243;][\/vc_column][\/vc_row][\/vc_section][vc_section css=&#8221;.vc_custom_1587049288755{padding-top: 160px !important;}&#8221;][vc_row][vc_column][vc_basic_grid post_type=&#8221;post&#8221; max_items=&#8221;-1&#8243; element_width=&#8221;12&#8243; item=&#8221;202&#8243; grid_id=&#8221;vc_gid:1668608773489-adbe3299-b2c4-6&#8243; taxonomies=&#8221;131&#8243;][\/vc_column][\/vc_row][\/vc_section][vc_row][vc_column][vc_empty_space height=&#8221;62px&#8221;][\/vc_column][\/vc_row][vc_row][vc_column][vc_column_text]<\/p>\n<h2 style=\"text-align: center;\"><strong>PAST EVENTS<\/strong><\/h2>\n<p>[\/vc_column_text][\/vc_column][\/vc_row][vc_row][vc_column][vc_basic_grid post_type=&#8221;post&#8221; max_items=&#8221;-1&#8243; element_width=&#8221;12&#8243; item=&#8221;202&#8243; grid_id=&#8221;vc_gid:1668608773491-8567129c-0b05-0&#8243; taxonomies=&#8221;130&#8243;][\/vc_column][\/vc_row]<\/p>\n<\/div>","protected":false},"excerpt":{"rendered":"<p>[vc_section css=&#8221;.vc_custom_1586182383487{padding-top: 290px !important;background-image: url(http:\/\/elapierre.com\/wp-content\/uploads\/2020\/03\/topBack.jpg?id=66) !important;background-position: center !important;background-repeat: no-repeat !important;background-size: cover !important;}&#8221;][vc_row][vc_column width=&#8221;1\/2&#8243;][vc_column_text css=&#8221;.vc_custom_1668607424514{margin-bottom: 0px !important;padding-top: 50px !important;padding-right: 50px !important;padding-bottom: 50px !important;padding-left: 50px !important;background-color: rgba(255,255,255,0.6) !important;*background-color: rgb(255,255,255) !important;}&#8221;] EVENTS [\/vc_column_text][\/vc_column][vc_column width=&#8221;1\/2&#8243;][\/vc_column][\/vc_row][\/vc_section][vc_section css=&#8221;.vc_custom_1587049288755{padding-top: 160px !important;}&#8221;][vc_row][vc_column][vc_basic_grid post_type=&#8221;post&#8221; max_items=&#8221;-1&#8243; element_width=&#8221;12&#8243; item=&#8221;202&#8243; grid_id=&#8221;vc_gid:1668608773489-adbe3299-b2c4-6&#8243; taxonomies=&#8221;131&#8243;][\/vc_column][\/vc_row][\/vc_section][vc_row][vc_column][vc_empty_space height=&#8221;62px&#8221;][\/vc_column][\/vc_row][vc_row][vc_column][vc_column_text] PAST EVENTS [\/vc_column_text][\/vc_column][\/vc_row][vc_row][vc_column][vc_basic_grid post_type=&#8221;post&#8221; max_items=&#8221;-1&#8243; element_width=&#8221;12&#8243; item=&#8221;202&#8243; grid_id=&#8221;vc_gid:1668608773491-8567129c-0b05-0&#8243; taxonomies=&#8221;130&#8243;][\/vc_column][\/vc_row]<\/p>\n<p class=\"inline\"> [...] <\/p><a class=\"btn read-more\" href=\"https:\/\/elapierre.com\/us\/events\/\">Read More<\/a>","protected":false},"author":1,"featured_media":0,"parent":0,"menu_order":0,"comment_status":"closed","ping_status":"closed","template":"eventPage.php","meta":{"_acf_changed":false,"footnotes":""},"class_list":["post-1955","page","type-page","status-publish","hentry"],"acf":[],"yoast_head":"<!-- This site is optimized with the Yoast SEO Premium plugin v25.7.1 (Yoast SEO v25.7) - https:\/\/yoast.com\/wordpress\/plugins\/seo\/ -->\n<title>Events - \u00c9quipements Lapierre<\/title>\n<meta name=\"robots\" content=\"index, follow, max-snippet:-1, max-image-preview:large, max-video-preview:-1\" \/>\n<link rel=\"canonical\" href=\"https:\/\/elapierre.com\/us\/events\/\" \/>\n<meta property=\"og:locale\" content=\"en_US\" \/>\n<meta property=\"og:type\" content=\"article\" \/>\n<meta property=\"og:title\" content=\"\u00c9v\u00e9nements Lapierre\" \/>\n<meta property=\"og:description\" content=\"Liste des diff\u00e9rentes \u00e9v\u00e9nements ac\u00e9ricoles Lapierre.\" \/>\n<meta property=\"og:url\" content=\"https:\/\/elapierre.com\/us\/events\/\" \/>\n<meta property=\"og:site_name\" content=\"\u00c9quipements Lapierre\" \/>\n<meta property=\"article:publisher\" content=\"https:\/\/www.facebook.com\/EquipementsLapierre\" \/>\n<meta property=\"article:modified_time\" content=\"2022-11-16T14:33:26+00:00\" \/>\n<meta property=\"og:image\" content=\"http:\/\/elapierre.com\/wp-content\/uploads\/2020\/09\/Lapierre_Evenements.png\" \/>\n\t<meta property=\"og:image:width\" content=\"1198\" \/>\n\t<meta property=\"og:image:height\" content=\"628\" \/>\n\t<meta property=\"og:image:type\" content=\"image\/png\" \/>\n<meta name=\"twitter:card\" content=\"summary_large_image\" \/>\n<meta name=\"twitter:title\" content=\"Events\" \/>\n<meta name=\"twitter:label1\" content=\"Est. reading time\" \/>\n\t<meta name=\"twitter:data1\" content=\"1 minute\" \/>\n<script type=\"application\/ld+json\" class=\"yoast-schema-graph\">{\"@context\":\"https:\/\/schema.org\",\"@graph\":[{\"@type\":\"WebPage\",\"@id\":\"https:\/\/elapierre.com\/us\/events\/\",\"url\":\"https:\/\/elapierre.com\/us\/events\/\",\"name\":\"Events - \u00c9quipements Lapierre\",\"isPartOf\":{\"@id\":\"https:\/\/elapierre.com\/us\/#website\"},\"datePublished\":\"2020-10-08T19:12:43+00:00\",\"dateModified\":\"2022-11-16T14:33:26+00:00\",\"breadcrumb\":{\"@id\":\"https:\/\/elapierre.com\/us\/events\/#breadcrumb\"},\"inLanguage\":\"en-USA\",\"potentialAction\":[{\"@type\":\"ReadAction\",\"target\":[\"https:\/\/elapierre.com\/us\/events\/\"]}]},{\"@type\":\"BreadcrumbList\",\"@id\":\"https:\/\/elapierre.com\/us\/events\/#breadcrumb\",\"itemListElement\":[{\"@type\":\"ListItem\",\"position\":1,\"name\":\"Accueil\",\"item\":\"https:\/\/elapierre.com\/us\/\"},{\"@type\":\"ListItem\",\"position\":2,\"name\":\"Events\"}]},{\"@type\":\"WebSite\",\"@id\":\"https:\/\/elapierre.com\/us\/#website\",\"url\":\"https:\/\/elapierre.com\/us\/\",\"name\":\"\u00c9quipements Lapierre\",\"description\":\"Innovateur de nature\",\"publisher\":{\"@id\":\"https:\/\/elapierre.com\/us\/#organization\"},\"potentialAction\":[{\"@type\":\"SearchAction\",\"target\":{\"@type\":\"EntryPoint\",\"urlTemplate\":\"https:\/\/elapierre.com\/us\/?s={search_term_string}\"},\"query-input\":{\"@type\":\"PropertyValueSpecification\",\"valueRequired\":true,\"valueName\":\"search_term_string\"}}],\"inLanguage\":\"en-USA\"},{\"@type\":\"Organization\",\"@id\":\"https:\/\/elapierre.com\/us\/#organization\",\"name\":\"\u00c9quipements Lapierre\",\"alternateName\":\"Lapierre\",\"url\":\"https:\/\/elapierre.com\/us\/\",\"logo\":{\"@type\":\"ImageObject\",\"inLanguage\":\"en-USA\",\"@id\":\"https:\/\/elapierre.com\/us\/#\/schema\/logo\/image\/\",\"url\":\"https:\/\/elapierre.com\/wp-content\/uploads\/2024\/01\/lapierreFR-complet-noir.png\",\"contentUrl\":\"https:\/\/elapierre.com\/wp-content\/uploads\/2024\/01\/lapierreFR-complet-noir.png\",\"width\":1000,\"height\":343,\"caption\":\"\u00c9quipements Lapierre\"},\"image\":{\"@id\":\"https:\/\/elapierre.com\/us\/#\/schema\/logo\/image\/\"},\"sameAs\":[\"https:\/\/www.facebook.com\/EquipementsLapierre\"]}]}<\/script>\n<!-- \/ Yoast SEO Premium plugin. -->","yoast_head_json":{"title":"Events - \u00c9quipements Lapierre","robots":{"index":"index","follow":"follow","max-snippet":"max-snippet:-1","max-image-preview":"max-image-preview:large","max-video-preview":"max-video-preview:-1"},"canonical":"https:\/\/elapierre.com\/us\/events\/","og_locale":"en_US","og_type":"article","og_title":"\u00c9v\u00e9nements Lapierre","og_description":"Liste des diff\u00e9rentes \u00e9v\u00e9nements ac\u00e9ricoles Lapierre.","og_url":"https:\/\/elapierre.com\/us\/events\/","og_site_name":"\u00c9quipements Lapierre","article_publisher":"https:\/\/www.facebook.com\/EquipementsLapierre","article_modified_time":"2022-11-16T14:33:26+00:00","og_image":[{"width":1198,"height":628,"url":"http:\/\/elapierre.com\/wp-content\/uploads\/2020\/09\/Lapierre_Evenements.png","type":"image\/png"}],"twitter_card":"summary_large_image","twitter_title":"Events","twitter_misc":{"Est. reading time":"1 minute"},"schema":{"@context":"https:\/\/schema.org","@graph":[{"@type":"WebPage","@id":"https:\/\/elapierre.com\/us\/events\/","url":"https:\/\/elapierre.com\/us\/events\/","name":"Events - \u00c9quipements Lapierre","isPartOf":{"@id":"https:\/\/elapierre.com\/us\/#website"},"datePublished":"2020-10-08T19:12:43+00:00","dateModified":"2022-11-16T14:33:26+00:00","breadcrumb":{"@id":"https:\/\/elapierre.com\/us\/events\/#breadcrumb"},"inLanguage":"en-USA","potentialAction":[{"@type":"ReadAction","target":["https:\/\/elapierre.com\/us\/events\/"]}]},{"@type":"BreadcrumbList","@id":"https:\/\/elapierre.com\/us\/events\/#breadcrumb","itemListElement":[{"@type":"ListItem","position":1,"name":"Accueil","item":"https:\/\/elapierre.com\/us\/"},{"@type":"ListItem","position":2,"name":"Events"}]},{"@type":"WebSite","@id":"https:\/\/elapierre.com\/us\/#website","url":"https:\/\/elapierre.com\/us\/","name":"\u00c9quipements Lapierre","description":"Innovateur de nature","publisher":{"@id":"https:\/\/elapierre.com\/us\/#organization"},"potentialAction":[{"@type":"SearchAction","target":{"@type":"EntryPoint","urlTemplate":"https:\/\/elapierre.com\/us\/?s={search_term_string}"},"query-input":{"@type":"PropertyValueSpecification","valueRequired":true,"valueName":"search_term_string"}}],"inLanguage":"en-USA"},{"@type":"Organization","@id":"https:\/\/elapierre.com\/us\/#organization","name":"\u00c9quipements Lapierre","alternateName":"Lapierre","url":"https:\/\/elapierre.com\/us\/","logo":{"@type":"ImageObject","inLanguage":"en-USA","@id":"https:\/\/elapierre.com\/us\/#\/schema\/logo\/image\/","url":"https:\/\/elapierre.com\/wp-content\/uploads\/2024\/01\/lapierreFR-complet-noir.png","contentUrl":"https:\/\/elapierre.com\/wp-content\/uploads\/2024\/01\/lapierreFR-complet-noir.png","width":1000,"height":343,"caption":"\u00c9quipements Lapierre"},"image":{"@id":"https:\/\/elapierre.com\/us\/#\/schema\/logo\/image\/"},"sameAs":["https:\/\/www.facebook.com\/EquipementsLapierre"]}]}},"_links":{"self":[{"href":"https:\/\/elapierre.com\/us\/wp-json\/wp\/v2\/pages\/1955","targetHints":{"allow":["GET"]}}],"collection":[{"href":"https:\/\/elapierre.com\/us\/wp-json\/wp\/v2\/pages"}],"about":[{"href":"https:\/\/elapierre.com\/us\/wp-json\/wp\/v2\/types\/page"}],"author":[{"embeddable":true,"href":"https:\/\/elapierre.com\/us\/wp-json\/wp\/v2\/users\/1"}],"replies":[{"embeddable":true,"href":"https:\/\/elapierre.com\/us\/wp-json\/wp\/v2\/comments?post=1955"}],"version-history":[{"count":18,"href":"https:\/\/elapierre.com\/us\/wp-json\/wp\/v2\/pages\/1955\/revisions"}],"predecessor-version":[{"id":4257,"href":"https:\/\/elapierre.com\/us\/wp-json\/wp\/v2\/pages\/1955\/revisions\/4257"}],"wp:attachment":[{"href":"https:\/\/elapierre.com\/us\/wp-json\/wp\/v2\/media?parent=1955"}],"curies":[{"name":"wp","href":"https:\/\/api.w.org\/{rel}","templated":true}]}}