{"id":7284,"date":"2022-03-22T15:42:41","date_gmt":"2022-03-22T19:42:41","guid":{"rendered":"https:\/\/elapierre.com\/serie-2000\/"},"modified":"2026-01-27T02:10:06","modified_gmt":"2026-01-27T07:10:06","slug":"2000-series","status":"publish","type":"page","link":"https:\/\/elapierre.com\/us\/2000-series\/","title":{"rendered":"2000 SERIES"},"content":{"rendered":"<div class=\"wpb-content-wrapper\"><p>[vc_section css=&#8221;.vc_custom_1599260722930{padding-top: 0px !important;padding-right: 0px !important;padding-bottom: 0px !important;padding-left: 0px !important;}&#8221;][vc_row el_class=&#8221;mmt-6&#8243;][vc_column el_id=&#8221;slider_desktop&#8221;]\n\t\t\t<!-- START R.O.S 2000 EN REVOLUTION SLIDER 6.6.20 --><p class=\"rs-p-wp-fix\"><\/p>\n\t\t\t<rs-module-wrap id=\"rev_slider_62_1_wrapper\" data-source=\"gallery\" style=\"visibility:hidden;background:transparent;padding:0;margin:0px auto;margin-top:0;margin-bottom:0;\">\n\t\t\t\t<rs-module id=\"rev_slider_62_1\" style=\"\" data-version=\"6.6.20\">\n\t\t\t\t\t<rs-slides style=\"overflow: hidden; position: absolute;\">\n\t\t\t\t\t\t<rs-slide style=\"position: absolute;\" data-key=\"rs-94\" data-title=\"Ken Burns\" data-anim=\"adpr:false;ms:500ms;\" data-in=\"o:0;\" data-out=\"a:false;\">\n\t\t\t\t\t\t\t<img decoding=\"async\" src=\"\/\/elapierre.com\/wp-content\/plugins\/revslider\/public\/assets\/assets\/dummy.png\" alt=\"concentrateur s\u00e9rie 2000 \u00e9quipement ac\u00e9ricole\" title=\"Harness,Driving,Horse,Team,In,Winter,Day,Ready,To,Go\" width=\"989\" height=\"659\" class=\"rev-slidebg tp-rs-img rs-lazyload\" data-lazyload=\"\/\/elapierre.com\/wp-content\/uploads\/2022\/03\/2-chevaux-copie.jpg\" data-parallax=\"14\" data-panzoom=\"d:20000ms;ss:100%;se:100%;os:-100px\/0;oe:100px\/0;\" data-no-retina>\n<!--\n\t\t\t\t\t\t\t--><rs-layer\n\t\t\t\t\t\t\t\tid=\"slider-62-slide-94-layer-4\" \n\t\t\t\t\t\t\t\tclass=\"datacerTitle\"\n\t\t\t\t\t\t\t\tdata-type=\"text\"\n\t\t\t\t\t\t\t\tdata-xy=\"x:c;xo:27px,27px,-1px,-2px;y:m;yo:-158px,-158px,14px,-16px;\"\n\t\t\t\t\t\t\t\tdata-text=\"w:nowrap,nowrap,nowrap,normal;s:110,60,55,43;l:130,90,65,50;a:center;\"\n\t\t\t\t\t\t\t\tdata-dim=\"w:1239px,786px,365px,263px;h:288px,279px,273px,144px;\"\n\t\t\t\t\t\t\t\tdata-rsp_o=\"off\"\n\t\t\t\t\t\t\t\tdata-rsp_bd=\"off\"\n\t\t\t\t\t\t\t\tdata-frame_0=\"o:1;\"\n\t\t\t\t\t\t\t\tdata-frame_0_chars=\"d:5;y:cyc(-80|80);o:0;rX:0deg;\"\n\t\t\t\t\t\t\t\tdata-frame_0_mask=\"u:t;\"\n\t\t\t\t\t\t\t\tdata-frame_1=\"e:power4.out;st:300;sp:1000;sR:300;\"\n\t\t\t\t\t\t\t\tdata-frame_1_chars=\"e:power4.out;dir:random;d:5;\"\n\t\t\t\t\t\t\t\tdata-frame_1_mask=\"u:t;\"\n\t\t\t\t\t\t\t\tdata-frame_999=\"o:0;st:w;sR:7350;\"\n\t\t\t\t\t\t\t\tstyle=\"z-index:9;font-family:'Anton';\"\n\t\t\t\t\t\t\t><br \/>2000 SERIES R.O. \n\t\t\t\t\t\t\t<\/rs-layer><!--\n\n\t\t\t\t\t\t\t--><rs-layer\n\t\t\t\t\t\t\t\tid=\"slider-62-slide-94-layer-5\" \n\t\t\t\t\t\t\t\tdata-type=\"text\"\n\t\t\t\t\t\t\t\tdata-xy=\"x:c;xo:1px,1px,1px,0;yo:394px,317px,273px,255px;\"\n\t\t\t\t\t\t\t\tdata-text=\"w:normal;s:45,45,40,25;l:30,30,48,33;a:center;\"\n\t\t\t\t\t\t\t\tdata-dim=\"w:1236px,1236px,464px,294px;h:#1\/3#,#1\/3#,96px,72px;\"\n\t\t\t\t\t\t\t\tdata-rsp_o=\"off\"\n\t\t\t\t\t\t\t\tdata-rsp_bd=\"off\"\n\t\t\t\t\t\t\t\tdata-margin=\"t:50,40,30,20;\"\n\t\t\t\t\t\t\t\tdata-frame_0=\"x:0,0,0px,0px;y:20px,20px,38px,65px;\"\n\t\t\t\t\t\t\t\tdata-frame_1=\"x:0,0,0px,0px;y:0,0,0px,0px;e:power4.out;st:350;sp:1000;sR:350;\"\n\t\t\t\t\t\t\t\tdata-frame_999=\"o:0;st:w;sR:7650;\"\n\t\t\t\t\t\t\t\tstyle=\"z-index:10;font-family:'Montserrat';\"\n\t\t\t\t\t\t\t>WORKHORSES \n\t\t\t\t\t\t\t<\/rs-layer><!--\n-->\t\t\t\t\t\t<\/rs-slide>\n\t\t\t\t\t<\/rs-slides>\n\t\t\t\t<\/rs-module>\n\t\t\t\t<script>\n\t\t\t\t\tsetREVStartSize({c: 'rev_slider_62_1',rl:[1240,1024,778,480],el:[830,630,472,400],gw:[1240,1024,778,480],gh:[830,630,472,400],type:'hero',justify:'',layout:'fullwidth',mh:\"0\"});if (window.RS_MODULES!==undefined && window.RS_MODULES.modules!==undefined && window.RS_MODULES.modules[\"revslider621\"]!==undefined) {window.RS_MODULES.modules[\"revslider621\"].once = false;window.revapi62 = undefined;if (window.RS_MODULES.checkMinimal!==undefined) window.RS_MODULES.checkMinimal()}\n\t\t\t\t<\/script>\n\t\t\t<\/rs-module-wrap>\n\t\t\t<!-- END REVOLUTION SLIDER -->\n[\/vc_column][\/vc_row][\/vc_section][vc_section full_width=&#8221;stretch_row&#8221; css=&#8221;.vc_custom_1622661408645{padding-top: 50px !important;padding-bottom: 50px !important;}&#8221; el_id=&#8221;caissons_cencentrateur&#8221;][vc_row][vc_column][vc_column_text css_animation=&#8221;none&#8221;]<\/p>\n<h2><span style=\"color: #13446a;\"><strong>\u00a02000 SERIES<\/strong><\/span><\/h2>\n<h4><span style=\"color: #13446a;\">Possibility of up to 4 vessels<\/span><\/h4>\n<p class=\"p1\">The 2000 Series is the R.O. of choice for producers operating a sugar bush with more than 1000 taps. Built with a stainless steel frame, it can be mounted with a high pressure pump of 3HP-5 GPM or 5 HP-10 GPM. It is also pre-wired to connect two membranes.<\/p>\n<p>[\/vc_column_text][\/vc_column][\/vc_row][vc_row equal_height=&#8221;yes&#8221; css_animation=&#8221;fadeInDown&#8221; css=&#8221;.vc_custom_1614709848855{margin-top: 30px !important;}&#8221;][vc_column width=&#8221;1\/2&#8243;][vc_single_image image=&#8221;7201&#8243; img_size=&#8221;large&#8221; alignment=&#8221;center&#8221;][vc_column_text]<\/p>\n<h5 style=\"text-align: left;\"><a href=\"https:\/\/elapierre.com\/en\/r-o-s-accessories-and-options\/\" target=\"_blank\" rel=\"noopener\"><span style=\"color: #f5a800;\"><strong><img decoding=\"async\" class=\"alignnone wp-image-2786\" src=\"https:\/\/elapierre.com\/wp-content\/uploads\/2020\/11\/ico-devis.png\" alt=\"\" width=\"48\" height=\"48\" srcset=\"https:\/\/elapierre.com\/wp-content\/uploads\/2020\/11\/ico-devis.png 123w, https:\/\/elapierre.com\/wp-content\/uploads\/2020\/11\/ico-devis-100x100.png 100w, https:\/\/elapierre.com\/wp-content\/uploads\/2020\/11\/ico-devis-70x70.png 70w, https:\/\/elapierre.com\/wp-content\/uploads\/2020\/11\/ico-devis-16x16.png 16w\" sizes=\"(max-width: 48px) 100vw, 48px\" \/><span style=\"color: #f5a706;\"> JUST CLICK FOR MORE OPTIONS<\/span><\/strong><\/span><\/a><\/h5>\n<p>[\/vc_column_text][\/vc_column][vc_column width=&#8221;1\/2&#8243;][vc_column_text][\/vc_column_text][vc_row_inner content_placement=&#8221;top&#8221;][vc_column_inner width=&#8221;1\/2&#8243;][vc_column_text]<\/p>\n<h3><span style=\"color: #f5a706;\"><strong>Options for 2000 Series 3 HP and 5 HP<\/strong><\/span><\/h3>\n<p class=\"p1\">\u2022 2 5-way quick-connect valves for concentrate and filtrate<\/p>\n<p class=\"p1\">\u2022 Concentrate and filtrate valve panel<\/p>\n<p class=\"p1\">\u2022Optional stainless steel feed pump cover and high pressure pump cover<\/p>\n<p class=\"p1\">\u2022 Continuous Brix reader<\/p>\n<p class=\"p1\">\u2022 AUTOBRIX valve including continuous Brix reader<\/p>\n<p class=\"p1\">\u2022Rectangular 29 gal stainless steel wash tank with filtration installed on the tank<\/p>\n<p class=\"p1\">\u2022 Element, thermostat and water level control on wash tan<\/p>\n<p>[\/vc_column_text][\/vc_column_inner][vc_column_inner width=&#8221;1\/2&#8243;][vc_column_text]<\/p>\n<h3><span style=\"color: #f5a706;\"><strong>Options for 2000 Series 5 HP only<\/strong><\/span><\/h3>\n<p class=\"p1\">\u2022 SS Polished Stainless Steel Housing (only for 8\u201d housing)<\/p>\n<p class=\"p1\">\u2022 Filtrate sampler for SS housing<\/p>\n<p class=\"p1\">\u2022 Flowmeter panel for filtrate with samplers<\/p>\n<p class=\"p1\">\u2022 Addition of pre-filters for concentration and washing<\/p>\n<p class=\"p1\">\u2022 Sap filter with fabric or 6 cartridges<\/p>\n<p>[\/vc_column_text][\/vc_column_inner][\/vc_row_inner][\/vc_column][\/vc_row][\/vc_section][vc_row full_width=&#8221;stretch_row&#8221; equal_height=&#8221;yes&#8221; el_id=&#8221;composantes&#8221; css=&#8221;.vc_custom_1648042718773{background-color: #e8e8e8 !important;}&#8221;][vc_column css_animation=&#8221;none&#8221; css=&#8221;.vc_custom_1647978816110{background-position: center !important;background-repeat: no-repeat !important;background-size: cover !important;}&#8221;][vc_row_inner css=&#8221;.vc_custom_1622753709805{padding-top: 50px !important;padding-bottom: 50px !important;}&#8221;][vc_column_inner][vc_column_text css_animation=&#8221;fadeInLeft&#8221;]<\/p>\n<h3><strong><span style=\"color: #f5a706;\">STANDARD CONFIGURATIONS\u00a0 <\/span><\/strong>(UP TO 20\u00b0 BRIX)<\/h3>\n<p>[\/vc_column_text][vc_raw_html]JTVCdGFibGUlMjBpZCUzRDE4JTIwcmVzcG9uc2l2ZSUzRCUyMnNjcm9sbCUyMiUyMCUyRiU1RA==[\/vc_raw_html][\/vc_column_inner][\/vc_row_inner][\/vc_column][\/vc_row][vc_row full_width=&#8221;stretch_row_content&#8221;][vc_column]<div id=\"ult-carousel-307759809369e76b183b24f\" class=\"ult-carousel-wrapper   ult_horizontal\" data-gutter=\"3\" data-rtl=\"false\" ><div class=\"ult-carousel-400020156769e76b183b0a1 \" >[vc_single_image image=&#8221;7092&#8243; img_size=&#8221;medium&#8221; alignment=&#8221;center&#8221; onclick=&#8221;custom_link&#8221; img_link_target=&#8221;_blank&#8221; title=&#8221;1000 Series&#8221; link=&#8221;https:\/\/elapierre.com\/en\/1000series\/&#8221;][vc_single_image image=&#8221;7098&#8243; img_size=&#8221;medium&#8221; alignment=&#8221;center&#8221; onclick=&#8221;custom_link&#8221; img_link_target=&#8221;_blank&#8221; title=&#8221;3000 S\u00e9rie&#8221; link=&#8221;https:\/\/elapierre.com\/us\/3000-series\/&#8221;][vc_single_image image=&#8221;7101&#8243; img_size=&#8221;medium&#8221; alignment=&#8221;center&#8221; title=&#8221;5000 Series&#8221;][vc_single_image image=&#8221;7104&#8243; img_size=&#8221;medium&#8221; alignment=&#8221;center&#8221; title=&#8221;10000 Series&#8221;][vc_single_image image=&#8221;7124&#8243; img_size=&#8221;medium&#8221; alignment=&#8221;center&#8221; title=&#8221;Hyper Brix&#8221;]<\/div><\/div>\t\t\t<script type=\"text\/javascript\">\n\t\t\t\tjQuery(document).ready(function ($) {\n\t\t\t\t\tif( typeof jQuery('.ult-carousel-400020156769e76b183b0a1').slick == \"function\"){\n\t\t\t\t\t\t$('.ult-carousel-400020156769e76b183b0a1').slick({dots: true,autoplay: true,autoplaySpeed: \"3000\",speed: \"400\",infinite: true,arrows: true,nextArrow: '<button type=\"button\" role=\"button\" aria-label=\"Next\" style=\"color:#13446a; font-size:20px;\" class=\"slick-next default\"><i class=\"ultsl-arrow-right3\"><\/i><\/button>',prevArrow: '<button type=\"button\" role=\"button\" aria-label=\"Previous\" style=\"color:#13446a; font-size:20px;\" class=\"slick-prev default\"><i class=\"ultsl-arrow-left3\"><\/i><\/button>',slidesToScroll:3,slidesToShow:3,swipe: true,draggable: true,touchMove: true,pauseOnHover: true,pauseOnFocus: false,centerMode: true,responsive: [\n\t\t\t\t\t\t\t{\n\t\t\t\t\t\t\t  breakpoint: 1026,\n\t\t\t\t\t\t\t  settings: {\n\t\t\t\t\t\t\t\tslidesToShow: 3,\n\t\t\t\t\t\t\t\tslidesToScroll: 3,  \n\t\t\t\t\t\t\t  }\n\t\t\t\t\t\t\t},\n\t\t\t\t\t\t\t{\n\t\t\t\t\t\t\t  breakpoint: 1025,\n\t\t\t\t\t\t\t  settings: {\n\t\t\t\t\t\t\t\tslidesToShow: 2,\n\t\t\t\t\t\t\t\tslidesToScroll: 2\n\t\t\t\t\t\t\t  }\n\t\t\t\t\t\t\t},\n\t\t\t\t\t\t\t{\n\t\t\t\t\t\t\t  breakpoint: 760,\n\t\t\t\t\t\t\t  settings: {\n\t\t\t\t\t\t\t\tslidesToShow: 1,\n\t\t\t\t\t\t\t\tslidesToScroll: 1\n\t\t\t\t\t\t\t  }\n\t\t\t\t\t\t\t}\n\t\t\t\t\t\t],pauseOnDotsHover: true,customPaging: function(slider, i) {\n                   return '<i type=\"button\" style= \"color:#13446a;\" class=\"ultsl-radio-checked\" data-role=\"none\"><\/i>';\n                },});\n\t\t\t\t\t}\n\t\t\t\t});\n\t\t\t<\/script>\n\t\t\t[vc_column_text]<\/p>\n<h3 style=\"text-align: center;\"><span style=\"color: #f5a800;\">OTHER MODELS AVAILABLE<\/span><\/h3>\n<h5 style=\"text-align: center;\">(Just Click for more details)<\/h5>\n<p>[\/vc_column_text][\/vc_column][\/vc_row][vc_row full_width=&#8221;stretch_row_content&#8221; equal_height=&#8221;yes&#8221; content_placement=&#8221;middle&#8221; el_class=&#8221;devis&#8221; css=&#8221;.vc_custom_1588431964208{padding-top: 7rem !important;padding-bottom: 7rem !important;background-image: url(http:\/\/elapierre.com\/wp-content\/uploads\/2020\/05\/DemandeDevisBg.jpg?id=564) !important;background-position: center !important;background-repeat: no-repeat !important;background-size: cover !important;}&#8221;][vc_column el_class=&#8221;catalogImg&#8221;][vc_column_text css_animation=&#8221;fadeIn&#8221;]<\/p>\n<p style=\"text-align: center;\"><span style=\"color: #ffffff;\">ARE YOU INTERESTED IN REVERSE OSMOSIS MACHINES?<\/span><\/p>\n<h1 style=\"text-align: center;\"><span style=\"color: #ffffff;\">Request a quote now.<\/span><\/h1>\n<p>&nbsp;<\/p>\n<p style=\"text-align: center;\"><a class=\"linkBtn devisBtn\" href=\"https:\/\/elapierre.com\/en\/request-a-quote\/\">QUOTE REQUEST<\/a><\/p>\n<p>[\/vc_column_text][\/vc_column][\/vc_row]<\/p>\n<\/div>","protected":false},"excerpt":{"rendered":"<p>[vc_section css=&#8221;.vc_custom_1599260722930{padding-top: 0px !important;padding-right: 0px !important;padding-bottom: 0px !important;padding-left: 0px !important;}&#8221;][vc_row el_class=&#8221;mmt-6&#8243;][vc_column el_id=&#8221;slider_desktop&#8221;][\/vc_column][\/vc_row][\/vc_section][vc_section full_width=&#8221;stretch_row&#8221; css=&#8221;.vc_custom_1622661408645{padding-top: 50px !important;padding-bottom: 50px !important;}&#8221; el_id=&#8221;caissons_cencentrateur&#8221;][vc_row][vc_column][vc_column_text css_animation=&#8221;none&#8221;] \u00a02000 SERIES Possibility of up to 4 vessels The 2000 Series is the R.O. of choice for producers operating a sugar bush with more than 1000 taps. Built with a stainless steel frame, it can<\/p>\n<p class=\"inline\"> [...] <\/p><a class=\"btn read-more\" href=\"https:\/\/elapierre.com\/us\/2000-series\/\">Read More<\/a>","protected":false},"author":12,"featured_media":0,"parent":0,"menu_order":0,"comment_status":"closed","ping_status":"closed","template":"","meta":{"_acf_changed":false,"footnotes":""},"class_list":["post-7284","page","type-page","status-publish","hentry"],"acf":[],"yoast_head":"<!-- This site is optimized with the Yoast SEO Premium plugin v25.7.1 (Yoast SEO v25.7) - https:\/\/yoast.com\/wordpress\/plugins\/seo\/ -->\n<title>2000 SERIES\u2013 \u00c9quipements Lapierre<\/title>\n<meta name=\"description\" content=\"The 2000 Series is the R.O. of choice for producers operating a sugar bush with more than 1000 taps, built with a stainless steel frame..\" \/>\n<meta name=\"robots\" content=\"index, follow, max-snippet:-1, max-image-preview:large, max-video-preview:-1\" \/>\n<link rel=\"canonical\" href=\"https:\/\/elapierre.com\/us\/2000-series\/\" \/>\n<meta property=\"og:locale\" content=\"en_US\" \/>\n<meta property=\"og:type\" content=\"article\" \/>\n<meta property=\"og:title\" content=\"2000 SERIES R.O.&#039;S\" \/>\n<meta property=\"og:description\" content=\"The 2000 Series is the R.O. of choice for producers operating a sugar bush with more than 1000 taps, built with a stainless steel frame.\" \/>\n<meta property=\"og:url\" content=\"https:\/\/elapierre.com\/us\/2000-series\/\" \/>\n<meta property=\"og:site_name\" content=\"\u00c9quipements Lapierre\" \/>\n<meta property=\"article:publisher\" content=\"https:\/\/www.facebook.com\/EquipementsLapierre\" \/>\n<meta property=\"article:modified_time\" content=\"2026-01-27T07:10:06+00:00\" \/>\n<meta property=\"og:image\" content=\"http:\/\/elapierre.com\/wp-content\/uploads\/2022\/03\/2-chevaux-copie.jpg\" \/>\n\t<meta property=\"og:image:width\" content=\"989\" \/>\n\t<meta property=\"og:image:height\" content=\"659\" \/>\n\t<meta property=\"og:image:type\" content=\"image\/jpeg\" \/>\n<meta name=\"twitter:card\" content=\"summary_large_image\" \/>\n<meta name=\"twitter:title\" content=\"2000 SERIES\" \/>\n<meta name=\"twitter:label1\" content=\"Est. reading time\" \/>\n\t<meta name=\"twitter:data1\" content=\"2 minutes\" \/>\n<script type=\"application\/ld+json\" class=\"yoast-schema-graph\">{\"@context\":\"https:\/\/schema.org\",\"@graph\":[{\"@type\":\"WebPage\",\"@id\":\"https:\/\/elapierre.com\/us\/2000-series\/\",\"url\":\"https:\/\/elapierre.com\/us\/2000-series\/\",\"name\":\"2000 SERIES\u2013 \u00c9quipements Lapierre\",\"isPartOf\":{\"@id\":\"https:\/\/elapierre.com\/us\/#website\"},\"primaryImageOfPage\":{\"@id\":\"https:\/\/elapierre.com\/us\/2000-series\/#primaryimage\"},\"image\":{\"@id\":\"https:\/\/elapierre.com\/us\/2000-series\/#primaryimage\"},\"thumbnailUrl\":\"https:\/\/elapierre.com\/wp-content\/uploads\/2020\/11\/ico-devis.png\",\"datePublished\":\"2022-03-22T19:42:41+00:00\",\"dateModified\":\"2026-01-27T07:10:06+00:00\",\"description\":\"The 2000 Series is the R.O. of choice for producers operating a sugar bush with more than 1000 taps, built with a stainless steel frame..\",\"breadcrumb\":{\"@id\":\"https:\/\/elapierre.com\/us\/2000-series\/#breadcrumb\"},\"inLanguage\":\"en-USA\",\"potentialAction\":[{\"@type\":\"ReadAction\",\"target\":[\"https:\/\/elapierre.com\/us\/2000-series\/\"]}]},{\"@type\":\"ImageObject\",\"inLanguage\":\"en-USA\",\"@id\":\"https:\/\/elapierre.com\/us\/2000-series\/#primaryimage\",\"url\":\"https:\/\/elapierre.com\/wp-content\/uploads\/2020\/11\/ico-devis.png\",\"contentUrl\":\"https:\/\/elapierre.com\/wp-content\/uploads\/2020\/11\/ico-devis.png\"},{\"@type\":\"BreadcrumbList\",\"@id\":\"https:\/\/elapierre.com\/us\/2000-series\/#breadcrumb\",\"itemListElement\":[{\"@type\":\"ListItem\",\"position\":1,\"name\":\"Accueil\",\"item\":\"https:\/\/elapierre.com\/us\/\"},{\"@type\":\"ListItem\",\"position\":2,\"name\":\"2000 SERIES\"}]},{\"@type\":\"WebSite\",\"@id\":\"https:\/\/elapierre.com\/us\/#website\",\"url\":\"https:\/\/elapierre.com\/us\/\",\"name\":\"\u00c9quipements Lapierre\",\"description\":\"Innovateur de nature\",\"publisher\":{\"@id\":\"https:\/\/elapierre.com\/us\/#organization\"},\"potentialAction\":[{\"@type\":\"SearchAction\",\"target\":{\"@type\":\"EntryPoint\",\"urlTemplate\":\"https:\/\/elapierre.com\/us\/?s={search_term_string}\"},\"query-input\":{\"@type\":\"PropertyValueSpecification\",\"valueRequired\":true,\"valueName\":\"search_term_string\"}}],\"inLanguage\":\"en-USA\"},{\"@type\":\"Organization\",\"@id\":\"https:\/\/elapierre.com\/us\/#organization\",\"name\":\"\u00c9quipements Lapierre\",\"alternateName\":\"Lapierre\",\"url\":\"https:\/\/elapierre.com\/us\/\",\"logo\":{\"@type\":\"ImageObject\",\"inLanguage\":\"en-USA\",\"@id\":\"https:\/\/elapierre.com\/us\/#\/schema\/logo\/image\/\",\"url\":\"https:\/\/elapierre.com\/wp-content\/uploads\/2024\/01\/lapierreFR-complet-noir.png\",\"contentUrl\":\"https:\/\/elapierre.com\/wp-content\/uploads\/2024\/01\/lapierreFR-complet-noir.png\",\"width\":1000,\"height\":343,\"caption\":\"\u00c9quipements Lapierre\"},\"image\":{\"@id\":\"https:\/\/elapierre.com\/us\/#\/schema\/logo\/image\/\"},\"sameAs\":[\"https:\/\/www.facebook.com\/EquipementsLapierre\"]}]}<\/script>\n<!-- \/ Yoast SEO Premium plugin. -->","yoast_head_json":{"title":"2000 SERIES\u2013 \u00c9quipements Lapierre","description":"The 2000 Series is the R.O. of choice for producers operating a sugar bush with more than 1000 taps, built with a stainless steel frame..","robots":{"index":"index","follow":"follow","max-snippet":"max-snippet:-1","max-image-preview":"max-image-preview:large","max-video-preview":"max-video-preview:-1"},"canonical":"https:\/\/elapierre.com\/us\/2000-series\/","og_locale":"en_US","og_type":"article","og_title":"2000 SERIES R.O.'S","og_description":"The 2000 Series is the R.O. of choice for producers operating a sugar bush with more than 1000 taps, built with a stainless steel frame.","og_url":"https:\/\/elapierre.com\/us\/2000-series\/","og_site_name":"\u00c9quipements Lapierre","article_publisher":"https:\/\/www.facebook.com\/EquipementsLapierre","article_modified_time":"2026-01-27T07:10:06+00:00","og_image":[{"width":989,"height":659,"url":"http:\/\/elapierre.com\/wp-content\/uploads\/2022\/03\/2-chevaux-copie.jpg","type":"image\/jpeg"}],"twitter_card":"summary_large_image","twitter_title":"2000 SERIES","twitter_misc":{"Est. reading time":"2 minutes"},"schema":{"@context":"https:\/\/schema.org","@graph":[{"@type":"WebPage","@id":"https:\/\/elapierre.com\/us\/2000-series\/","url":"https:\/\/elapierre.com\/us\/2000-series\/","name":"2000 SERIES\u2013 \u00c9quipements Lapierre","isPartOf":{"@id":"https:\/\/elapierre.com\/us\/#website"},"primaryImageOfPage":{"@id":"https:\/\/elapierre.com\/us\/2000-series\/#primaryimage"},"image":{"@id":"https:\/\/elapierre.com\/us\/2000-series\/#primaryimage"},"thumbnailUrl":"https:\/\/elapierre.com\/wp-content\/uploads\/2020\/11\/ico-devis.png","datePublished":"2022-03-22T19:42:41+00:00","dateModified":"2026-01-27T07:10:06+00:00","description":"The 2000 Series is the R.O. of choice for producers operating a sugar bush with more than 1000 taps, built with a stainless steel frame..","breadcrumb":{"@id":"https:\/\/elapierre.com\/us\/2000-series\/#breadcrumb"},"inLanguage":"en-USA","potentialAction":[{"@type":"ReadAction","target":["https:\/\/elapierre.com\/us\/2000-series\/"]}]},{"@type":"ImageObject","inLanguage":"en-USA","@id":"https:\/\/elapierre.com\/us\/2000-series\/#primaryimage","url":"https:\/\/elapierre.com\/wp-content\/uploads\/2020\/11\/ico-devis.png","contentUrl":"https:\/\/elapierre.com\/wp-content\/uploads\/2020\/11\/ico-devis.png"},{"@type":"BreadcrumbList","@id":"https:\/\/elapierre.com\/us\/2000-series\/#breadcrumb","itemListElement":[{"@type":"ListItem","position":1,"name":"Accueil","item":"https:\/\/elapierre.com\/us\/"},{"@type":"ListItem","position":2,"name":"2000 SERIES"}]},{"@type":"WebSite","@id":"https:\/\/elapierre.com\/us\/#website","url":"https:\/\/elapierre.com\/us\/","name":"\u00c9quipements Lapierre","description":"Innovateur de nature","publisher":{"@id":"https:\/\/elapierre.com\/us\/#organization"},"potentialAction":[{"@type":"SearchAction","target":{"@type":"EntryPoint","urlTemplate":"https:\/\/elapierre.com\/us\/?s={search_term_string}"},"query-input":{"@type":"PropertyValueSpecification","valueRequired":true,"valueName":"search_term_string"}}],"inLanguage":"en-USA"},{"@type":"Organization","@id":"https:\/\/elapierre.com\/us\/#organization","name":"\u00c9quipements Lapierre","alternateName":"Lapierre","url":"https:\/\/elapierre.com\/us\/","logo":{"@type":"ImageObject","inLanguage":"en-USA","@id":"https:\/\/elapierre.com\/us\/#\/schema\/logo\/image\/","url":"https:\/\/elapierre.com\/wp-content\/uploads\/2024\/01\/lapierreFR-complet-noir.png","contentUrl":"https:\/\/elapierre.com\/wp-content\/uploads\/2024\/01\/lapierreFR-complet-noir.png","width":1000,"height":343,"caption":"\u00c9quipements Lapierre"},"image":{"@id":"https:\/\/elapierre.com\/us\/#\/schema\/logo\/image\/"},"sameAs":["https:\/\/www.facebook.com\/EquipementsLapierre"]}]}},"_links":{"self":[{"href":"https:\/\/elapierre.com\/us\/wp-json\/wp\/v2\/pages\/7284","targetHints":{"allow":["GET"]}}],"collection":[{"href":"https:\/\/elapierre.com\/us\/wp-json\/wp\/v2\/pages"}],"about":[{"href":"https:\/\/elapierre.com\/us\/wp-json\/wp\/v2\/types\/page"}],"author":[{"embeddable":true,"href":"https:\/\/elapierre.com\/us\/wp-json\/wp\/v2\/users\/12"}],"replies":[{"embeddable":true,"href":"https:\/\/elapierre.com\/us\/wp-json\/wp\/v2\/comments?post=7284"}],"version-history":[{"count":13,"href":"https:\/\/elapierre.com\/us\/wp-json\/wp\/v2\/pages\/7284\/revisions"}],"predecessor-version":[{"id":18381,"href":"https:\/\/elapierre.com\/us\/wp-json\/wp\/v2\/pages\/7284\/revisions\/18381"}],"wp:attachment":[{"href":"https:\/\/elapierre.com\/us\/wp-json\/wp\/v2\/media?parent=7284"}],"curies":[{"name":"wp","href":"https:\/\/api.w.org\/{rel}","templated":true}]}}