{"id":7751,"date":"2022-04-06T11:01:28","date_gmt":"2022-04-06T15:01:28","guid":{"rendered":"https:\/\/elapierre.com\/serie-10000\/"},"modified":"2023-04-21T11:44:57","modified_gmt":"2023-04-21T15:44:57","slug":"10000-series","status":"publish","type":"page","link":"https:\/\/elapierre.com\/us\/10000-series\/","title":{"rendered":"10000 SERIES"},"content":{"rendered":"<div class=\"wpb-content-wrapper\"><p>[vc_section css=&#8221;.vc_custom_1599260722930{padding-top: 0px !important;padding-right: 0px !important;padding-bottom: 0px !important;padding-left: 0px !important;}&#8221;][vc_row el_class=&#8221;mmt-6&#8243;][vc_column el_id=&#8221;slider_desktop&#8221;]\n\t\t\t<!-- START R.O.S 10000 EN REVOLUTION SLIDER 6.6.20 --><p class=\"rs-p-wp-fix\"><\/p>\n\t\t\t<rs-module-wrap id=\"rev_slider_68_1_wrapper\" data-source=\"gallery\" style=\"visibility:hidden;background:transparent;padding:0;margin:0px auto;margin-top:0;margin-bottom:0;\">\n\t\t\t\t<rs-module id=\"rev_slider_68_1\" style=\"\" data-version=\"6.6.20\">\n\t\t\t\t\t<rs-slides style=\"overflow: hidden; position: absolute;\">\n\t\t\t\t\t\t<rs-slide style=\"position: absolute;\" data-key=\"rs-100\" data-title=\"Ken Burns\" data-anim=\"adpr:false;ms:500ms;\" data-in=\"o:0;\" data-out=\"a:false;\">\n\t\t\t\t\t\t\t<img decoding=\"async\" src=\"\/\/elapierre.com\/wp-content\/plugins\/revslider\/public\/assets\/assets\/dummy.png\" alt=\"concentrateur S\u00c9RIE 10000 \u00e9quipement ac\u00e9ricole\" title=\"Running,Horses,In,Winter\" width=\"1024\" height=\"683\" class=\"rev-slidebg tp-rs-img rs-lazyload\" data-lazyload=\"\/\/elapierre.com\/wp-content\/uploads\/2022\/04\/se\u0301rie-10000-chevaux.jpg\" data-parallax=\"14\" data-panzoom=\"d:20000ms;ss:100%;se:100%;os:-100px\/0;oe:100px\/0;\" data-no-retina>\n<!--\n\t\t\t\t\t\t\t--><rs-layer\n\t\t\t\t\t\t\t\tid=\"slider-68-slide-100-layer-4\" \n\t\t\t\t\t\t\t\tclass=\"datacerTitle\"\n\t\t\t\t\t\t\t\tdata-type=\"text\"\n\t\t\t\t\t\t\t\tdata-xy=\"x:c;xo:16px,16px,-1px,-2px;y:m;yo:-25px,-25px,14px,-16px;\"\n\t\t\t\t\t\t\t\tdata-text=\"w:nowrap,nowrap,nowrap,normal;s:110,60,55,43;l:130,90,65,50;a:center;\"\n\t\t\t\t\t\t\t\tdata-dim=\"w:1239px,786px,365px,354.998px;h:288px,279px,273px,144px;\"\n\t\t\t\t\t\t\t\tdata-rsp_o=\"off\"\n\t\t\t\t\t\t\t\tdata-rsp_bd=\"off\"\n\t\t\t\t\t\t\t\tdata-frame_0=\"o:1;\"\n\t\t\t\t\t\t\t\tdata-frame_0_chars=\"d:5;y:cyc(-80|80);o:0;rX:0deg;\"\n\t\t\t\t\t\t\t\tdata-frame_0_mask=\"u:t;\"\n\t\t\t\t\t\t\t\tdata-frame_1=\"e:power4.out;st:300;sp:1000;sR:300;\"\n\t\t\t\t\t\t\t\tdata-frame_1_chars=\"e:power4.out;dir:random;d:5;\"\n\t\t\t\t\t\t\t\tdata-frame_1_mask=\"u:t;\"\n\t\t\t\t\t\t\t\tdata-frame_999=\"o:0;st:w;sR:7350;\"\n\t\t\t\t\t\t\t\tstyle=\"z-index:9;font-family:'Anton';\"\n\t\t\t\t\t\t\t>10000 SERIES R.O<br \/> \n\t\t\t\t\t\t\t<\/rs-layer><!--\n\n\t\t\t\t\t\t\t--><rs-layer\n\t\t\t\t\t\t\t\tid=\"slider-68-slide-100-layer-5\" \n\t\t\t\t\t\t\t\tdata-type=\"text\"\n\t\t\t\t\t\t\t\tdata-xy=\"x:c;xo:1px,1px,3px,2px;yo:378px,317px,209px,180px;\"\n\t\t\t\t\t\t\t\tdata-text=\"w:normal;s:45,45,40,25;l:30,30,48,33;a:center;\"\n\t\t\t\t\t\t\t\tdata-dim=\"w:1236px,1236px,464px,294px;h:#1\/3#,#1\/3#,96px,72px;\"\n\t\t\t\t\t\t\t\tdata-rsp_o=\"off\"\n\t\t\t\t\t\t\t\tdata-rsp_bd=\"off\"\n\t\t\t\t\t\t\t\tdata-margin=\"t:50,40,30,20;\"\n\t\t\t\t\t\t\t\tdata-frame_0=\"x:0,0,0px,0px;y:20px,20px,38px,65px;\"\n\t\t\t\t\t\t\t\tdata-frame_1=\"x:0,0,0px,0px;y:0,0,0px,0px;e:power4.out;st:350;sp:1000;sR:350;\"\n\t\t\t\t\t\t\t\tdata-frame_999=\"o:0;st:w;sR:7650;\"\n\t\t\t\t\t\t\t\tstyle=\"z-index:10;font-family:'Montserrat';\"\n\t\t\t\t\t\t\t>WORKHORSES \n\t\t\t\t\t\t\t<\/rs-layer><!--\n-->\t\t\t\t\t\t<\/rs-slide>\n\t\t\t\t\t<\/rs-slides>\n\t\t\t\t<\/rs-module>\n\t\t\t\t<script>\n\t\t\t\t\tsetREVStartSize({c: 'rev_slider_68_1',rl:[1240,1024,778,480],el:[830,630,471.992,400],gw:[1240,1024,778,480],gh:[830,630,472,400],type:'hero',justify:'',layout:'fullwidth',mh:\"0\"});if (window.RS_MODULES!==undefined && window.RS_MODULES.modules!==undefined && window.RS_MODULES.modules[\"revslider681\"]!==undefined) {window.RS_MODULES.modules[\"revslider681\"].once = false;window.revapi68 = undefined;if (window.RS_MODULES.checkMinimal!==undefined) window.RS_MODULES.checkMinimal()}\n\t\t\t\t<\/script>\n\t\t\t<\/rs-module-wrap>\n\t\t\t<!-- END REVOLUTION SLIDER -->\n[\/vc_column][\/vc_row][\/vc_section][vc_section full_width=&#8221;stretch_row&#8221; css=&#8221;.vc_custom_1622661408645{padding-top: 50px !important;padding-bottom: 50px !important;}&#8221; el_id=&#8221;caissons_cencentrateur&#8221;][vc_row equal_height=&#8221;yes&#8221; content_placement=&#8221;middle&#8221; css_animation=&#8221;fadeInDown&#8221; css=&#8221;.vc_custom_1649179489262{background-position: center !important;background-repeat: no-repeat !important;background-size: cover !important;}&#8221;][vc_column][vc_row_inner][vc_column_inner width=&#8221;1\/2&#8243;][vc_single_image image=&#8221;7635&#8243; img_size=&#8221;full&#8221;][\/vc_column_inner][vc_column_inner width=&#8221;1\/2&#8243;][vc_single_image image=&#8221;7103&#8243; img_size=&#8221;FULL&#8221;][\/vc_column_inner][\/vc_row_inner][vc_column_text]<\/p>\n<h4><span style=\"color: #13447a;\">OUR INDUSTRIAL GRADE R.O.<\/span><\/h4>\n<h4 style=\"text-align: left;\"><strong><span style=\"color: #13447a;\">TOUGHER FOR BETTER PERFORMANCE !<\/span><\/strong><\/h4>\n<p class=\"p1\">Lapierre is proud to present the very first industrial grade R.O. developed with ingenuity and optimized for large-scale maple syrup operations. Unparalleled in durability and operating flexibility, the 10K Series, mounted on a solid frame and made entirely of stainless steel, has been designed to meet the most demanding maple syrup producers\u2019 performance requirements.<\/p>\n<p class=\"p1\">Powerful and compact, the horizontal configuration of the 10000 Series, as well as its all-stainless steel filter unit installed above the wash tank, greatly improves maintenance operations. For maximum efficiency, the 10000 Series allows up to 15 double membrane systems, for a total of 30 membranes. That\u2019s serious performance!<\/p>\n<p>[\/vc_column_text][\/vc_column][\/vc_row][vc_row full_width=&#8221;stretch_row_content&#8221; equal_height=&#8221;yes&#8221; content_placement=&#8221;middle&#8221; css_animation=&#8221;fadeInDown&#8221; css=&#8221;.vc_custom_1649183019123{background-position: center !important;background-repeat: no-repeat !important;background-size: cover !important;}&#8221;][vc_column][vc_row_inner][vc_column_inner width=&#8221;1\/2&#8243;][vc_column_text]<\/p>\n<h4><span style=\"color: #13446a;\">CONFIGURATIONS<\/span><\/h4>\n<p class=\"p1\">\u2022 Up to 30 membranes in 15 double housings with 1.5 HP recirculation<\/p>\n<p class=\"p1\">\u2022 1 feed pump with variable speed drive<\/p>\n<p class=\"p1\">\u2022 2 high-pressure pumps with variable speed drive<\/p>\n<p class=\"p1\">\u2022 1 to 3 booster pump(s) with variable speed drive<\/p>\n<p class=\"p1\">\u2022 Stainless steel sap filters with 6 cartridges for concentration<\/p>\n<p class=\"p1\">\u2022 Stainless steel sap filters with 6 cartridges for washing<\/p>\n<p>[\/vc_column_text][\/vc_column_inner][vc_column_inner width=&#8221;1\/2&#8243;][vc_column_text]<\/p>\n<h4><span style=\"color: #13446a;\">AVAILABLE OPTIONS<\/span><\/h4>\n<p class=\"p1\">\u2022 Stainless steel 10 gal flowmeter bracket<\/p>\n<p class=\"p1\">\u2022 Element, thermostat and water level control on wash tank<\/p>\n<p class=\"p1\">\u2022 Automation system<\/p>\n<p>[\/vc_column_text][vc_column_text]<\/p>\n<h5 style=\"text-align: left;\"><a href=\"https:\/\/elapierre.com\/en\/r-o-s-accessories-and-options\/\" target=\"_blank\" rel=\"noopener\"><span style=\"color: #f5a800;\"><strong><img decoding=\"async\" class=\"alignnone wp-image-2786\" src=\"http:\/\/elapierre.com\/wp-content\/uploads\/2020\/11\/ico-devis.png\" alt=\"\" width=\"48\" height=\"48\" srcset=\"https:\/\/elapierre.com\/wp-content\/uploads\/2020\/11\/ico-devis.png 123w, https:\/\/elapierre.com\/wp-content\/uploads\/2020\/11\/ico-devis-100x100.png 100w, https:\/\/elapierre.com\/wp-content\/uploads\/2020\/11\/ico-devis-70x70.png 70w, https:\/\/elapierre.com\/wp-content\/uploads\/2020\/11\/ico-devis-16x16.png 16w\" sizes=\"(max-width: 48px) 100vw, 48px\" \/><span style=\"color: #f5a706;\"> JUST CLICK FOR MORE OPTIONS<\/span><\/strong><\/span><\/a><\/h5>\n<p>[\/vc_column_text][\/vc_column_inner][\/vc_row_inner][vc_empty_space height=&#8221;92px&#8221;][\/vc_column][\/vc_row][vc_row full_width=&#8221;stretch_row_content_no_spaces&#8221; css=&#8221;.vc_custom_1649182329780{background-color: #13446a !important;}&#8221;][vc_column][vc_row_inner][vc_column_inner][vc_column_text]<\/p>\n<h4 style=\"text-align: left;\"><strong><span style=\"color: #ffffff;\">10K AUTOMATED SYSTEMS<\/span><\/strong><\/h4>\n<p>[\/vc_column_text][\/vc_column_inner][\/vc_row_inner][vc_row_inner][vc_column_inner][vc_column_text]<\/p>\n<p class=\"p1\"><span style=\"color: #ffffff;\">\u2022 Access to the machine at all times via the Internet<\/span><\/p>\n<p class=\"p1\"><span style=\"color: #ffffff;\">\u2022 Concentrate and filtrate flows, continuous Brix level, operating pressures, maple filtrate and concentrate water reservoir levels, operating mode<\/span><\/p>\n<p class=\"p1\"><span style=\"color: #ffffff;\">\u2022 Automatic start according to the level of the sap tank level.<\/span><\/p>\n<p class=\"p1\"><span style=\"color: #ffffff;\">\u2022 Remote control of operations: concentration, washing, rinsing, desugaring, Pep, Brix levels, start\/stop, etc.<\/span><\/p>\n<p class=\"p1\"><span style=\"color: #ffffff;\">\u2022 Alarms classified by importance and transmitted by email in real time<\/span><\/p>\n<p class=\"p1\"><span style=\"color: #ffffff;\">\u2022 12-inch easy to use and user-friendly touch screen<\/span><\/p>\n<p class=\"p1\"><span style=\"color: #ffffff;\">\u2022 Automatic purging to facilitate feed pump start-up<\/span><\/p>\n<p class=\"p1\"><span style=\"color: #ffffff;\">\u2022 Automatic washing<\/span><\/p>\n<p class=\"p1\"><span style=\"color: #ffffff;\">\u2022 Automatic quick action valves<\/span><\/p>\n<p class=\"p1\"><span style=\"color: #ffffff;\">\u2022 Integrated WiFi and VPN routers<\/span><\/p>\n<p class=\"p1\"><span style=\"color: #ffffff;\">\u2022 Unique feature that toggles from automatic to manual mode at the touch of a button, allowing instrument operation and reading (pressures, flow rates and temperature) without using the controller.<\/span><\/p>\n<p class=\"p1\"><span style=\"color: #ffffff;\">\u2022 Multi-tank management option (allows management of filling and concentration up to 6 tanks of sap, concentrate or filtrate)<\/span><\/p>\n<p>[\/vc_column_text][\/vc_column_inner][\/vc_row_inner][\/vc_column][\/vc_row][\/vc_section][vc_row full_width=&#8221;stretch_row_content&#8221;][vc_column]<div id=\"ult-carousel-360565331969e141fd22fc7\" class=\"ult-carousel-wrapper   ult_horizontal\" data-gutter=\"3\" data-rtl=\"false\" ><div class=\"ult-carousel-38703133669e141fd22def \" >[vc_single_image image=&#8221;7091&#8243; img_size=&#8221;medium&#8221; alignment=&#8221;center&#8221; onclick=&#8221;custom_link&#8221; img_link_target=&#8221;_blank&#8221; title=&#8221;1000 Series&#8221; link=&#8221;https:\/\/elapierre.com\/en\/1000-series-lapierre\/&#8221;][vc_single_image image=&#8221;7094&#8243; img_size=&#8221;medium&#8221; alignment=&#8221;center&#8221; onclick=&#8221;custom_link&#8221; img_link_target=&#8221;_blank&#8221; title=&#8221;2000 Series&#8221; link=&#8221;https:\/\/elapierre.com\/en\/2000-series\/&#8221;][vc_single_image image=&#8221;7097&#8243; img_size=&#8221;medium&#8221; alignment=&#8221;center&#8221; onclick=&#8221;custom_link&#8221; img_link_target=&#8221;_blank&#8221; title=&#8221;3000 Series&#8221; link=&#8221;https:\/\/elapierre.com\/en\/3000-series\/&#8221;][vc_single_image image=&#8221;7100&#8243; img_size=&#8221;medium&#8221; alignment=&#8221;center&#8221; onclick=&#8221;custom_link&#8221; img_link_target=&#8221;_blank&#8221; title=&#8221;5000 Series&#8221; link=&#8221;https:\/\/elapierre.com\/en\/5000-series\/&#8221;][vc_single_image image=&#8221;7123&#8243; img_size=&#8221;medium&#8221; alignment=&#8221;center&#8221; onclick=&#8221;custom_link&#8221; img_link_target=&#8221;_blank&#8221; title=&#8221;HyperBrix&#8221; link=&#8221;https:\/\/elapierre.com\/en\/hyperbrix\/&#8221;]<\/div><\/div>\t\t\t<script type=\"text\/javascript\">\n\t\t\t\tjQuery(document).ready(function ($) {\n\t\t\t\t\tif( typeof jQuery('.ult-carousel-38703133669e141fd22def').slick == \"function\"){\n\t\t\t\t\t\t$('.ult-carousel-38703133669e141fd22def').slick({dots: true,autoplay: true,autoplaySpeed: \"3000\",speed: \"400\",infinite: true,arrows: true,nextArrow: '<button type=\"button\" role=\"button\" aria-label=\"Next\" style=\"color:#13446a; font-size:20px;\" class=\"slick-next default\"><i class=\"ultsl-arrow-right3\"><\/i><\/button>',prevArrow: '<button type=\"button\" role=\"button\" aria-label=\"Previous\" style=\"color:#13446a; font-size:20px;\" class=\"slick-prev default\"><i class=\"ultsl-arrow-left3\"><\/i><\/button>',slidesToScroll:3,slidesToShow:3,swipe: true,draggable: true,touchMove: true,pauseOnHover: true,pauseOnFocus: false,responsive: [\n\t\t\t\t\t\t\t{\n\t\t\t\t\t\t\t  breakpoint: 1026,\n\t\t\t\t\t\t\t  settings: {\n\t\t\t\t\t\t\t\tslidesToShow: 3,\n\t\t\t\t\t\t\t\tslidesToScroll: 3,  \n\t\t\t\t\t\t\t  }\n\t\t\t\t\t\t\t},\n\t\t\t\t\t\t\t{\n\t\t\t\t\t\t\t  breakpoint: 1025,\n\t\t\t\t\t\t\t  settings: {\n\t\t\t\t\t\t\t\tslidesToShow: 2,\n\t\t\t\t\t\t\t\tslidesToScroll: 2\n\t\t\t\t\t\t\t  }\n\t\t\t\t\t\t\t},\n\t\t\t\t\t\t\t{\n\t\t\t\t\t\t\t  breakpoint: 760,\n\t\t\t\t\t\t\t  settings: {\n\t\t\t\t\t\t\t\tslidesToShow: 1,\n\t\t\t\t\t\t\t\tslidesToScroll: 1\n\t\t\t\t\t\t\t  }\n\t\t\t\t\t\t\t}\n\t\t\t\t\t\t],pauseOnDotsHover: true,customPaging: function(slider, i) {\n                   return '<i type=\"button\" style= \"color:#13446a;\" class=\"ultsl-radio-checked\" data-role=\"none\"><\/i>';\n                },});\n\t\t\t\t\t}\n\t\t\t\t});\n\t\t\t<\/script>\n\t\t\t[vc_column_text]<\/p>\n<h3 style=\"text-align: center;\"><span style=\"color: #f5a800;\">Other models available<\/span><\/h3>\n<h5 style=\"text-align: center;\">(Just click for more details)<\/h5>\n<p>[\/vc_column_text][\/vc_column][\/vc_row][vc_row full_width=&#8221;stretch_row_content&#8221; equal_height=&#8221;yes&#8221; css=&#8221;.vc_custom_1649187227026{background-image: url(https:\/\/elapierre.com\/wp-content\/uploads\/2020\/05\/fond-orange.png?id=808) !important;}&#8221;][vc_column][vc_column_text]<\/p>\n<p style=\"text-align: center;\"><span style=\"color: #ffffff;\">ARE YOU INTERESTED IN REVERSE OSMOSIS MACHINES?<\/span><\/p>\n<h1 style=\"text-align: center;\"><span style=\"color: #ffffff;\">Request a quote now.<\/span><\/h1>\n<p>&nbsp;<\/p>\n<p style=\"text-align: center;\"><a class=\"linkBtn devisBtn\" href=\"https:\/\/elapierre.com\/en\/request-a-quote\/\">QUOTE REQUEST<\/a><\/p>\n<p>[\/vc_column_text][\/vc_column][\/vc_row]<\/p>\n<\/div>","protected":false},"excerpt":{"rendered":"<p>[vc_section css=&#8221;.vc_custom_1599260722930{padding-top: 0px !important;padding-right: 0px !important;padding-bottom: 0px !important;padding-left: 0px !important;}&#8221;][vc_row el_class=&#8221;mmt-6&#8243;][vc_column el_id=&#8221;slider_desktop&#8221;][\/vc_column][\/vc_row][\/vc_section][vc_section full_width=&#8221;stretch_row&#8221; css=&#8221;.vc_custom_1622661408645{padding-top: 50px !important;padding-bottom: 50px !important;}&#8221; el_id=&#8221;caissons_cencentrateur&#8221;][vc_row equal_height=&#8221;yes&#8221; content_placement=&#8221;middle&#8221; css_animation=&#8221;fadeInDown&#8221; css=&#8221;.vc_custom_1649179489262{background-position: center !important;background-repeat: no-repeat !important;background-size: cover !important;}&#8221;][vc_column][vc_row_inner][vc_column_inner width=&#8221;1\/2&#8243;][vc_single_image image=&#8221;7635&#8243; img_size=&#8221;full&#8221;][\/vc_column_inner][vc_column_inner width=&#8221;1\/2&#8243;][vc_single_image image=&#8221;7103&#8243; img_size=&#8221;FULL&#8221;][\/vc_column_inner][\/vc_row_inner][vc_column_text] OUR INDUSTRIAL GRADE R.O. TOUGHER FOR BETTER PERFORMANCE ! Lapierre is proud to present the very first industrial grade R.O.<\/p>\n<p class=\"inline\"> [...] <\/p><a class=\"btn read-more\" href=\"https:\/\/elapierre.com\/us\/10000-series\/\">Read More<\/a>","protected":false},"author":12,"featured_media":0,"parent":0,"menu_order":0,"comment_status":"closed","ping_status":"closed","template":"","meta":{"_acf_changed":false,"footnotes":""},"class_list":["post-7751","page","type-page","status-publish","hentry"],"acf":[],"yoast_head":"<!-- This site is optimized with the Yoast SEO Premium plugin v25.7.1 (Yoast SEO v25.7) - https:\/\/yoast.com\/wordpress\/plugins\/seo\/ -->\n<title>10000 SERIES \u2013 Lapierre<\/title>\n<meta name=\"description\" content=\"10000 series the very first industrial grade R.O. and optimized for large-scale maple syrup operations. The durability and flexibility\" \/>\n<meta name=\"robots\" content=\"index, follow, max-snippet:-1, max-image-preview:large, max-video-preview:-1\" \/>\n<link rel=\"canonical\" href=\"https:\/\/elapierre.com\/us\/10000-series\/\" \/>\n<meta property=\"og:locale\" content=\"en_US\" \/>\n<meta property=\"og:type\" content=\"article\" \/>\n<meta property=\"og:title\" content=\"10000 series\" \/>\n<meta property=\"og:description\" content=\"10000 series the very first industrial grade R.O. and optimized for large-scale maple syrup operations. The durability and flexibility\" \/>\n<meta property=\"og:url\" content=\"https:\/\/elapierre.com\/us\/10000-series\/\" \/>\n<meta property=\"og:site_name\" content=\"\u00c9quipements Lapierre\" \/>\n<meta property=\"article:publisher\" content=\"https:\/\/www.facebook.com\/EquipementsLapierre\" \/>\n<meta property=\"article:modified_time\" content=\"2023-04-21T15:44:57+00:00\" \/>\n<meta property=\"og:image\" content=\"http:\/\/elapierre.com\/wp-content\/uploads\/2022\/04\/se\u0301rie-10000-chevaux.jpg\" \/>\n\t<meta property=\"og:image:width\" content=\"1024\" \/>\n\t<meta property=\"og:image:height\" content=\"683\" \/>\n\t<meta property=\"og:image:type\" content=\"image\/jpeg\" \/>\n<meta name=\"twitter:card\" content=\"summary_large_image\" \/>\n<meta name=\"twitter:title\" content=\"10000 SERIES\" \/>\n<meta name=\"twitter:label1\" content=\"Est. reading time\" \/>\n\t<meta name=\"twitter:data1\" content=\"3 minutes\" \/>\n<script type=\"application\/ld+json\" class=\"yoast-schema-graph\">{\"@context\":\"https:\/\/schema.org\",\"@graph\":[{\"@type\":\"WebPage\",\"@id\":\"https:\/\/elapierre.com\/us\/10000-series\/\",\"url\":\"https:\/\/elapierre.com\/us\/10000-series\/\",\"name\":\"10000 SERIES \u2013 Lapierre\",\"isPartOf\":{\"@id\":\"https:\/\/elapierre.com\/us\/#website\"},\"primaryImageOfPage\":{\"@id\":\"https:\/\/elapierre.com\/us\/10000-series\/#primaryimage\"},\"image\":{\"@id\":\"https:\/\/elapierre.com\/us\/10000-series\/#primaryimage\"},\"thumbnailUrl\":\"http:\/\/elapierre.com\/wp-content\/uploads\/2020\/11\/ico-devis.png\",\"datePublished\":\"2022-04-06T15:01:28+00:00\",\"dateModified\":\"2023-04-21T15:44:57+00:00\",\"description\":\"10000 series the very first industrial grade R.O. and optimized for large-scale maple syrup operations. The durability and flexibility\",\"breadcrumb\":{\"@id\":\"https:\/\/elapierre.com\/us\/10000-series\/#breadcrumb\"},\"inLanguage\":\"en-USA\",\"potentialAction\":[{\"@type\":\"ReadAction\",\"target\":[\"https:\/\/elapierre.com\/us\/10000-series\/\"]}]},{\"@type\":\"ImageObject\",\"inLanguage\":\"en-USA\",\"@id\":\"https:\/\/elapierre.com\/us\/10000-series\/#primaryimage\",\"url\":\"http:\/\/elapierre.com\/wp-content\/uploads\/2020\/11\/ico-devis.png\",\"contentUrl\":\"http:\/\/elapierre.com\/wp-content\/uploads\/2020\/11\/ico-devis.png\"},{\"@type\":\"BreadcrumbList\",\"@id\":\"https:\/\/elapierre.com\/us\/10000-series\/#breadcrumb\",\"itemListElement\":[{\"@type\":\"ListItem\",\"position\":1,\"name\":\"Accueil\",\"item\":\"https:\/\/elapierre.com\/us\/\"},{\"@type\":\"ListItem\",\"position\":2,\"name\":\"10000 SERIES\"}]},{\"@type\":\"WebSite\",\"@id\":\"https:\/\/elapierre.com\/us\/#website\",\"url\":\"https:\/\/elapierre.com\/us\/\",\"name\":\"\u00c9quipements Lapierre\",\"description\":\"Innovateur de nature\",\"publisher\":{\"@id\":\"https:\/\/elapierre.com\/us\/#organization\"},\"potentialAction\":[{\"@type\":\"SearchAction\",\"target\":{\"@type\":\"EntryPoint\",\"urlTemplate\":\"https:\/\/elapierre.com\/us\/?s={search_term_string}\"},\"query-input\":{\"@type\":\"PropertyValueSpecification\",\"valueRequired\":true,\"valueName\":\"search_term_string\"}}],\"inLanguage\":\"en-USA\"},{\"@type\":\"Organization\",\"@id\":\"https:\/\/elapierre.com\/us\/#organization\",\"name\":\"\u00c9quipements Lapierre\",\"alternateName\":\"Lapierre\",\"url\":\"https:\/\/elapierre.com\/us\/\",\"logo\":{\"@type\":\"ImageObject\",\"inLanguage\":\"en-USA\",\"@id\":\"https:\/\/elapierre.com\/us\/#\/schema\/logo\/image\/\",\"url\":\"https:\/\/elapierre.com\/wp-content\/uploads\/2024\/01\/lapierreFR-complet-noir.png\",\"contentUrl\":\"https:\/\/elapierre.com\/wp-content\/uploads\/2024\/01\/lapierreFR-complet-noir.png\",\"width\":1000,\"height\":343,\"caption\":\"\u00c9quipements Lapierre\"},\"image\":{\"@id\":\"https:\/\/elapierre.com\/us\/#\/schema\/logo\/image\/\"},\"sameAs\":[\"https:\/\/www.facebook.com\/EquipementsLapierre\"]}]}<\/script>\n<!-- \/ Yoast SEO Premium plugin. -->","yoast_head_json":{"title":"10000 SERIES \u2013 Lapierre","description":"10000 series the very first industrial grade R.O. and optimized for large-scale maple syrup operations. The durability and flexibility","robots":{"index":"index","follow":"follow","max-snippet":"max-snippet:-1","max-image-preview":"max-image-preview:large","max-video-preview":"max-video-preview:-1"},"canonical":"https:\/\/elapierre.com\/us\/10000-series\/","og_locale":"en_US","og_type":"article","og_title":"10000 series","og_description":"10000 series the very first industrial grade R.O. and optimized for large-scale maple syrup operations. The durability and flexibility","og_url":"https:\/\/elapierre.com\/us\/10000-series\/","og_site_name":"\u00c9quipements Lapierre","article_publisher":"https:\/\/www.facebook.com\/EquipementsLapierre","article_modified_time":"2023-04-21T15:44:57+00:00","og_image":[{"width":1024,"height":683,"url":"http:\/\/elapierre.com\/wp-content\/uploads\/2022\/04\/se\u0301rie-10000-chevaux.jpg","type":"image\/jpeg"}],"twitter_card":"summary_large_image","twitter_title":"10000 SERIES","twitter_misc":{"Est. reading time":"3 minutes"},"schema":{"@context":"https:\/\/schema.org","@graph":[{"@type":"WebPage","@id":"https:\/\/elapierre.com\/us\/10000-series\/","url":"https:\/\/elapierre.com\/us\/10000-series\/","name":"10000 SERIES \u2013 Lapierre","isPartOf":{"@id":"https:\/\/elapierre.com\/us\/#website"},"primaryImageOfPage":{"@id":"https:\/\/elapierre.com\/us\/10000-series\/#primaryimage"},"image":{"@id":"https:\/\/elapierre.com\/us\/10000-series\/#primaryimage"},"thumbnailUrl":"http:\/\/elapierre.com\/wp-content\/uploads\/2020\/11\/ico-devis.png","datePublished":"2022-04-06T15:01:28+00:00","dateModified":"2023-04-21T15:44:57+00:00","description":"10000 series the very first industrial grade R.O. and optimized for large-scale maple syrup operations. The durability and flexibility","breadcrumb":{"@id":"https:\/\/elapierre.com\/us\/10000-series\/#breadcrumb"},"inLanguage":"en-USA","potentialAction":[{"@type":"ReadAction","target":["https:\/\/elapierre.com\/us\/10000-series\/"]}]},{"@type":"ImageObject","inLanguage":"en-USA","@id":"https:\/\/elapierre.com\/us\/10000-series\/#primaryimage","url":"http:\/\/elapierre.com\/wp-content\/uploads\/2020\/11\/ico-devis.png","contentUrl":"http:\/\/elapierre.com\/wp-content\/uploads\/2020\/11\/ico-devis.png"},{"@type":"BreadcrumbList","@id":"https:\/\/elapierre.com\/us\/10000-series\/#breadcrumb","itemListElement":[{"@type":"ListItem","position":1,"name":"Accueil","item":"https:\/\/elapierre.com\/us\/"},{"@type":"ListItem","position":2,"name":"10000 SERIES"}]},{"@type":"WebSite","@id":"https:\/\/elapierre.com\/us\/#website","url":"https:\/\/elapierre.com\/us\/","name":"\u00c9quipements Lapierre","description":"Innovateur de nature","publisher":{"@id":"https:\/\/elapierre.com\/us\/#organization"},"potentialAction":[{"@type":"SearchAction","target":{"@type":"EntryPoint","urlTemplate":"https:\/\/elapierre.com\/us\/?s={search_term_string}"},"query-input":{"@type":"PropertyValueSpecification","valueRequired":true,"valueName":"search_term_string"}}],"inLanguage":"en-USA"},{"@type":"Organization","@id":"https:\/\/elapierre.com\/us\/#organization","name":"\u00c9quipements Lapierre","alternateName":"Lapierre","url":"https:\/\/elapierre.com\/us\/","logo":{"@type":"ImageObject","inLanguage":"en-USA","@id":"https:\/\/elapierre.com\/us\/#\/schema\/logo\/image\/","url":"https:\/\/elapierre.com\/wp-content\/uploads\/2024\/01\/lapierreFR-complet-noir.png","contentUrl":"https:\/\/elapierre.com\/wp-content\/uploads\/2024\/01\/lapierreFR-complet-noir.png","width":1000,"height":343,"caption":"\u00c9quipements Lapierre"},"image":{"@id":"https:\/\/elapierre.com\/us\/#\/schema\/logo\/image\/"},"sameAs":["https:\/\/www.facebook.com\/EquipementsLapierre"]}]}},"_links":{"self":[{"href":"https:\/\/elapierre.com\/us\/wp-json\/wp\/v2\/pages\/7751","targetHints":{"allow":["GET"]}}],"collection":[{"href":"https:\/\/elapierre.com\/us\/wp-json\/wp\/v2\/pages"}],"about":[{"href":"https:\/\/elapierre.com\/us\/wp-json\/wp\/v2\/types\/page"}],"author":[{"embeddable":true,"href":"https:\/\/elapierre.com\/us\/wp-json\/wp\/v2\/users\/12"}],"replies":[{"embeddable":true,"href":"https:\/\/elapierre.com\/us\/wp-json\/wp\/v2\/comments?post=7751"}],"version-history":[{"count":10,"href":"https:\/\/elapierre.com\/us\/wp-json\/wp\/v2\/pages\/7751\/revisions"}],"predecessor-version":[{"id":12894,"href":"https:\/\/elapierre.com\/us\/wp-json\/wp\/v2\/pages\/7751\/revisions\/12894"}],"wp:attachment":[{"href":"https:\/\/elapierre.com\/us\/wp-json\/wp\/v2\/media?parent=7751"}],"curies":[{"name":"wp","href":"https:\/\/api.w.org\/{rel}","templated":true}]}}